{"id":15,"date":"2026-02-11T23:24:24","date_gmt":"2026-02-11T20:24:24","guid":{"rendered":"https:\/\/sgemozelguvenlik.com\/?page_id=15"},"modified":"2026-02-19T16:58:43","modified_gmt":"2026-02-19T13:58:43","slug":"anasayfa","status":"publish","type":"page","link":"https:\/\/sgemozelguvenlik.com\/","title":{"rendered":"Anasayfa"},"content":{"rendered":"\t\t<div data-elementor-type=\"wp-page\" data-elementor-id=\"15\" class=\"elementor elementor-15\">\n\t\t\t\t\t\t\t\t\t<section class=\"elementor-section elementor-top-section elementor-element elementor-element-71cbba7 elementor-section-full_width elementor-section-content-middle elementor-section-height-default elementor-section-height-default\" data-id=\"71cbba7\" data-element_type=\"section\" data-settings=\"{&quot;ekit_has_onepagescroll_dot&quot;:&quot;yes&quot;}\">\n\t\t\t\t\t\t<div class=\"elementor-container elementor-column-gap-no\">\n\t\t\t\t\t<div class=\"elementor-column elementor-col-100 elementor-top-column elementor-element elementor-element-fe00dc7\" data-id=\"fe00dc7\" data-element_type=\"column\">\n\t\t\t<div class=\"elementor-widget-wrap elementor-element-populated\">\n\t\t\t\t\t\t\t\t<div class=\"elementor-element elementor-element-3ce0ed2 elementor-widget elementor-widget-image\" data-id=\"3ce0ed2\" data-element_type=\"widget\" data-settings=\"{&quot;ekit_we_effect_on&quot;:&quot;none&quot;}\" data-widget_type=\"image.default\">\n\t\t\t\t<div class=\"elementor-widget-container\">\n\t\t\t<style>\/*! elementor - v3.8.0 - 30-10-2022 *\/\n.elementor-widget-image{text-align:center}.elementor-widget-image a{display:inline-block}.elementor-widget-image a img[src$=\".svg\"]{width:48px}.elementor-widget-image img{vertical-align:middle;display:inline-block}<\/style>\t\t\t\t\t\t\t\t\t\t\t\t<img loading=\"lazy\" decoding=\"async\" width=\"1500\" height=\"600\" src=\"https:\/\/sgemozelguvenlik.com\/wp-content\/uploads\/2026\/02\/Basliksiz-1-1.jpg\" class=\"attachment-full size-full\" alt=\"\" srcset=\"https:\/\/sgemozelguvenlik.com\/wp-content\/uploads\/2026\/02\/Basliksiz-1-1.jpg 1500w, https:\/\/sgemozelguvenlik.com\/wp-content\/uploads\/2026\/02\/Basliksiz-1-1-300x120.jpg 300w, https:\/\/sgemozelguvenlik.com\/wp-content\/uploads\/2026\/02\/Basliksiz-1-1-1024x410.jpg 1024w, https:\/\/sgemozelguvenlik.com\/wp-content\/uploads\/2026\/02\/Basliksiz-1-1-768x307.jpg 768w\" sizes=\"auto, (max-width: 1500px) 100vw, 1500px\" \/>\t\t\t\t\t\t\t\t\t\t\t\t\t\t\t<\/div>\n\t\t\t\t<\/div>\n\t\t\t\t\t<\/div>\n\t\t<\/div>\n\t\t\t\t\t\t\t<\/div>\n\t\t<\/section>\n\t\t\t\t<section class=\"elementor-section elementor-top-section elementor-element elementor-element-8225ca5 elementor-section-content-middle elementor-section-boxed elementor-section-height-default elementor-section-height-default\" data-id=\"8225ca5\" data-element_type=\"section\" data-settings=\"{&quot;background_background&quot;:&quot;classic&quot;,&quot;ekit_has_onepagescroll_dot&quot;:&quot;yes&quot;}\">\n\t\t\t\t\t\t<div class=\"elementor-container elementor-column-gap-extended\">\n\t\t\t\t\t<div class=\"elementor-column elementor-col-100 elementor-top-column elementor-element elementor-element-352aae1\" data-id=\"352aae1\" data-element_type=\"column\">\n\t\t\t<div class=\"elementor-widget-wrap elementor-element-populated\">\n\t\t\t\t\t\t\t\t<div class=\"elementor-element elementor-element-45296c5 elementor-widget elementor-widget-bdt-advanced-heading\" data-id=\"45296c5\" data-element_type=\"widget\" data-settings=\"{&quot;ekit_we_effect_on&quot;:&quot;none&quot;}\" data-widget_type=\"bdt-advanced-heading.default\">\n\t\t\t\t<div class=\"elementor-widget-container\">\n\t\t\t<div id =\"45296c5\" class=\"bdt-ep-advanced-heading\" data-settings=\"{&quot;titleMultiColor&quot;:&quot;no&quot;}\"><div class=\"bdt-ep-advanced-heading-content bdt-visible@m\"><div class=\"bdt-transform-origin-top-left\">SGEM \u00d6ZEL G\u00dcVENL\u0130K<\/div><\/div><h2 class=\"bdt-ep-advanced-heading-title\"><span class=\"bdt-ep-advanced-heading-main-title\"><span class=\"bdt-ep-advanced-heading-main-title-inner\">\u201cRiskleri \u00d6ng\u00f6r\u00fcn, G\u00fcvenli\u011fi Maksimuma Ta\u015f\u0131y\u0131n\u201d<\/span><\/span><\/h2><\/div>\t\t<\/div>\n\t\t\t\t<\/div>\n\t\t\t\t\t<\/div>\n\t\t<\/div>\n\t\t\t\t\t\t\t<\/div>\n\t\t<\/section>\n\t\t\t\t<section class=\"elementor-section elementor-top-section elementor-element elementor-element-d3d0939 elementor-section-boxed elementor-section-height-default elementor-section-height-default\" data-id=\"d3d0939\" data-element_type=\"section\" data-settings=\"{&quot;background_background&quot;:&quot;classic&quot;,&quot;ekit_has_onepagescroll_dot&quot;:&quot;yes&quot;}\">\n\t\t\t\t\t\t<div class=\"elementor-container elementor-column-gap-default\">\n\t\t\t\t\t<div class=\"elementor-column elementor-col-100 elementor-top-column elementor-element elementor-element-103a776\" data-id=\"103a776\" data-element_type=\"column\">\n\t\t\t<div class=\"elementor-widget-wrap elementor-element-populated\">\n\t\t\t\t\t\t\t\t<div class=\"elementor-element elementor-element-4c87f3f elementor-widget elementor-widget-heading\" data-id=\"4c87f3f\" data-element_type=\"widget\" data-settings=\"{&quot;ekit_we_effect_on&quot;:&quot;none&quot;}\" data-widget_type=\"heading.default\">\n\t\t\t\t<div class=\"elementor-widget-container\">\n\t\t\t<style>\/*! elementor - v3.8.0 - 30-10-2022 *\/\n.elementor-heading-title{padding:0;margin:0;line-height:1}.elementor-widget-heading .elementor-heading-title[class*=elementor-size-]>a{color:inherit;font-size:inherit;line-height:inherit}.elementor-widget-heading .elementor-heading-title.elementor-size-small{font-size:15px}.elementor-widget-heading .elementor-heading-title.elementor-size-medium{font-size:19px}.elementor-widget-heading .elementor-heading-title.elementor-size-large{font-size:29px}.elementor-widget-heading .elementor-heading-title.elementor-size-xl{font-size:39px}.elementor-widget-heading .elementor-heading-title.elementor-size-xxl{font-size:59px}<\/style><h4 class=\"elementor-heading-title elementor-size-default\">H\u0130ZMETLER\u0130M\u0130Z<\/h4>\t\t<\/div>\n\t\t\t\t<\/div>\n\t\t\t\t\t<\/div>\n\t\t<\/div>\n\t\t\t\t\t\t\t<\/div>\n\t\t<\/section>\n\t\t\t\t<section class=\"elementor-section elementor-top-section elementor-element elementor-element-c09442e elementor-section-full_width elementor-section-content-top elementor-section-height-default elementor-section-height-default\" data-id=\"c09442e\" data-element_type=\"section\" data-settings=\"{&quot;background_background&quot;:&quot;classic&quot;,&quot;ekit_has_onepagescroll_dot&quot;:&quot;yes&quot;}\">\n\t\t\t\t\t\t<div class=\"elementor-container elementor-column-gap-extended\">\n\t\t\t\t\t<div class=\"elementor-column elementor-col-25 elementor-top-column elementor-element elementor-element-e0b969f\" data-id=\"e0b969f\" data-element_type=\"column\">\n\t\t\t<div class=\"elementor-widget-wrap elementor-element-populated\">\n\t\t\t\t\t\t\t\t<div class=\"elementor-element elementor-element-f056b90 elementor-position-top elementor-vertical-align-top elementor-widget elementor-widget-image-box\" data-id=\"f056b90\" data-element_type=\"widget\" data-settings=\"{&quot;ekit_we_effect_on&quot;:&quot;none&quot;}\" data-widget_type=\"image-box.default\">\n\t\t\t\t<div class=\"elementor-widget-container\">\n\t\t\t<style>\/*! elementor - v3.8.0 - 30-10-2022 *\/\n.elementor-widget-image-box .elementor-image-box-content{width:100%}@media (min-width:768px){.elementor-widget-image-box.elementor-position-left .elementor-image-box-wrapper,.elementor-widget-image-box.elementor-position-right .elementor-image-box-wrapper{display:-webkit-box;display:-ms-flexbox;display:flex}.elementor-widget-image-box.elementor-position-right .elementor-image-box-wrapper{text-align:right;-webkit-box-orient:horizontal;-webkit-box-direction:reverse;-ms-flex-direction:row-reverse;flex-direction:row-reverse}.elementor-widget-image-box.elementor-position-left .elementor-image-box-wrapper{text-align:left;-webkit-box-orient:horizontal;-webkit-box-direction:normal;-ms-flex-direction:row;flex-direction:row}.elementor-widget-image-box.elementor-position-top .elementor-image-box-img{margin:auto}.elementor-widget-image-box.elementor-vertical-align-top .elementor-image-box-wrapper{-webkit-box-align:start;-ms-flex-align:start;align-items:flex-start}.elementor-widget-image-box.elementor-vertical-align-middle .elementor-image-box-wrapper{-webkit-box-align:center;-ms-flex-align:center;align-items:center}.elementor-widget-image-box.elementor-vertical-align-bottom .elementor-image-box-wrapper{-webkit-box-align:end;-ms-flex-align:end;align-items:flex-end}}@media (max-width:767px){.elementor-widget-image-box .elementor-image-box-img{margin-left:auto!important;margin-right:auto!important;margin-bottom:15px}}.elementor-widget-image-box .elementor-image-box-img{display:inline-block}.elementor-widget-image-box .elementor-image-box-title a{color:inherit}.elementor-widget-image-box .elementor-image-box-wrapper{text-align:center}.elementor-widget-image-box .elementor-image-box-description{margin:0}<\/style><div class=\"elementor-image-box-wrapper\"><figure class=\"elementor-image-box-img\"><a href=\"https:\/\/sgemozelguvenlik.com\/index.php\/avm-guvenlik-cozumleri\/\"><img loading=\"lazy\" decoding=\"async\" width=\"1536\" height=\"1024\" src=\"https:\/\/sgemozelguvenlik.com\/wp-content\/uploads\/2026\/02\/WhatsApp-Image-2026-02-12-at-22.53.23.jpeg\" class=\"attachment-full size-full\" alt=\"\" \/><\/a><\/figure><div class=\"elementor-image-box-content\"><h5 class=\"elementor-image-box-title\"><a href=\"https:\/\/sgemozelguvenlik.com\/index.php\/avm-guvenlik-cozumleri\/\">AVM G\u00fcvenlik \u00c7\u00f6z\u00fcmleri<\/a><\/h5><p class=\"elementor-image-box-description\">Al\u0131\u015fveri\u015f merkezleri; y\u00fcksek ziyaret\u00e7i trafi\u011fi, \u00e7ok say\u0131da ma\u011faza, geni\u015f kapal\u0131 alanlar ve otopark b\u00f6l\u00fcmleriyle kapsaml\u0131 g\u00fcvenlik planlamas\u0131 gerektiren yap\u0131lard\u0131r. <\/p><\/div><\/div>\t\t<\/div>\n\t\t\t\t<\/div>\n\t\t\t\t\t<\/div>\n\t\t<\/div>\n\t\t\t\t<div class=\"elementor-column elementor-col-25 elementor-top-column elementor-element elementor-element-65259ea\" data-id=\"65259ea\" data-element_type=\"column\">\n\t\t\t<div class=\"elementor-widget-wrap elementor-element-populated\">\n\t\t\t\t\t\t\t\t<div class=\"elementor-element elementor-element-b09bb24 elementor-position-top elementor-vertical-align-top elementor-widget elementor-widget-image-box\" data-id=\"b09bb24\" data-element_type=\"widget\" data-settings=\"{&quot;ekit_we_effect_on&quot;:&quot;none&quot;}\" data-widget_type=\"image-box.default\">\n\t\t\t\t<div class=\"elementor-widget-container\">\n\t\t\t<div class=\"elementor-image-box-wrapper\"><figure class=\"elementor-image-box-img\"><a href=\"https:\/\/sgemozelguvenlik.com\/index.php\/bankacilik-ve-finans-guvenlik-cozumleri\/\"><img loading=\"lazy\" decoding=\"async\" width=\"1536\" height=\"1024\" src=\"https:\/\/sgemozelguvenlik.com\/wp-content\/uploads\/2026\/02\/WhatsApp-Image-2026-02-11-at-12.00.05-5.jpeg\" class=\"attachment-full size-full\" alt=\"\" \/><\/a><\/figure><div class=\"elementor-image-box-content\"><h5 class=\"elementor-image-box-title\"><a href=\"https:\/\/sgemozelguvenlik.com\/index.php\/bankacilik-ve-finans-guvenlik-cozumleri\/\">Bankac\u0131l\u0131k ve Finans G\u00fcvenlik \u00c7\u00f6z\u00fcmleri<\/a><\/h5><p class=\"elementor-image-box-description\">ankalar, finans kurulu\u015flar\u0131, \u00f6deme merkezleri ve para transfer noktalar\u0131; y\u00fcksek g\u00fcvenlik riski ta\u015f\u0131yan ve profesyonel koruma gerektiren kurumlard\u0131r.<\/p><\/div><\/div>\t\t<\/div>\n\t\t\t\t<\/div>\n\t\t\t\t\t<\/div>\n\t\t<\/div>\n\t\t\t\t<div class=\"elementor-column elementor-col-25 elementor-top-column elementor-element elementor-element-b7fe7c3\" data-id=\"b7fe7c3\" data-element_type=\"column\">\n\t\t\t<div class=\"elementor-widget-wrap elementor-element-populated\">\n\t\t\t\t\t\t\t\t<div class=\"elementor-element elementor-element-577cb0a elementor-position-top elementor-vertical-align-top elementor-widget elementor-widget-image-box\" data-id=\"577cb0a\" data-element_type=\"widget\" data-settings=\"{&quot;ekit_we_effect_on&quot;:&quot;none&quot;}\" data-widget_type=\"image-box.default\">\n\t\t\t\t<div class=\"elementor-widget-container\">\n\t\t\t<div class=\"elementor-image-box-wrapper\"><figure class=\"elementor-image-box-img\"><a href=\"https:\/\/sgemozelguvenlik.com\/index.php\/site-ve-konut-guvenlik-cozumleri\/\"><img loading=\"lazy\" decoding=\"async\" width=\"1536\" height=\"1024\" src=\"https:\/\/sgemozelguvenlik.com\/wp-content\/uploads\/2026\/02\/e3bade34-b2e5-4400-97da-f064aa130586.jpg\" class=\"attachment-full size-full\" alt=\"\" \/><\/a><\/figure><div class=\"elementor-image-box-content\"><h5 class=\"elementor-image-box-title\"><a href=\"https:\/\/sgemozelguvenlik.com\/index.php\/site-ve-konut-guvenlik-cozumleri\/\">Site ve Konut G\u00fcvenlik \u00c7\u00f6z\u00fcmleri<\/a><\/h5><p class=\"elementor-image-box-description\">\nModern ya\u015fam alanlar\u0131nda g\u00fcvenlik, art\u0131k bir l\u00fcks de\u011fil zorunluluktur. Apartmanlar, siteler, rezidanslar ve toplu konut projeleri i\u00e7in profesyonel site ve konut g\u00fcvenlik \u00e7\u00f6z\u00fcmleri,<\/p><\/div><\/div>\t\t<\/div>\n\t\t\t\t<\/div>\n\t\t\t\t\t<\/div>\n\t\t<\/div>\n\t\t\t\t<div class=\"elementor-column elementor-col-25 elementor-top-column elementor-element elementor-element-73a0957\" data-id=\"73a0957\" data-element_type=\"column\">\n\t\t\t<div class=\"elementor-widget-wrap elementor-element-populated\">\n\t\t\t\t\t\t\t\t<div class=\"elementor-element elementor-element-2fe3990 elementor-position-top elementor-vertical-align-top elementor-widget elementor-widget-image-box\" data-id=\"2fe3990\" data-element_type=\"widget\" data-settings=\"{&quot;ekit_we_effect_on&quot;:&quot;none&quot;}\" data-widget_type=\"image-box.default\">\n\t\t\t\t<div class=\"elementor-widget-container\">\n\t\t\t<div class=\"elementor-image-box-wrapper\"><figure class=\"elementor-image-box-img\"><a href=\"https:\/\/sgemozelguvenlik.com\/index.php\/otomatik-guvenlik-cozumleri\/\"><img loading=\"lazy\" decoding=\"async\" width=\"1536\" height=\"1024\" src=\"https:\/\/sgemozelguvenlik.com\/wp-content\/uploads\/2026\/02\/WhatsApp-Image-2026-02-12-at-22.53.23.jpeg\" class=\"attachment-full size-full\" alt=\"\" \/><\/a><\/figure><div class=\"elementor-image-box-content\"><h5 class=\"elementor-image-box-title\"><a href=\"https:\/\/sgemozelguvenlik.com\/index.php\/otomatik-guvenlik-cozumleri\/\">Otomatik G\u00fcvenlik \u00c7\u00f6z\u00fcmleri<\/a><\/h5><p class=\"elementor-image-box-description\">Otomatik g\u00fcvenlik \u00e7\u00f6z\u00fcmleri, tesislerinizi 7\/24 izleyen, riskleri an\u0131nda tespit eden ve h\u0131zl\u0131 m\u00fcdahale imk\u00e2n\u0131 sunan ak\u0131ll\u0131 sistemlerden olu\u015fur.<\/p><\/div><\/div>\t\t<\/div>\n\t\t\t\t<\/div>\n\t\t\t\t\t<\/div>\n\t\t<\/div>\n\t\t\t\t\t\t\t<\/div>\n\t\t<\/section>\n\t\t\t\t<section class=\"elementor-section elementor-top-section elementor-element elementor-element-8dd701b elementor-section-boxed elementor-section-height-default elementor-section-height-default\" data-id=\"8dd701b\" data-element_type=\"section\" data-settings=\"{&quot;ekit_has_onepagescroll_dot&quot;:&quot;yes&quot;}\">\n\t\t\t\t\t\t<div class=\"elementor-container elementor-column-gap-default\">\n\t\t\t\t\t<div class=\"elementor-column elementor-col-100 elementor-top-column elementor-element elementor-element-601cf4d\" data-id=\"601cf4d\" data-element_type=\"column\">\n\t\t\t<div class=\"elementor-widget-wrap elementor-element-populated\">\n\t\t\t\t\t\t\t\t<div class=\"elementor-element elementor-element-0922e76 elementor-widget elementor-widget-heading\" data-id=\"0922e76\" data-element_type=\"widget\" data-settings=\"{&quot;ekit_we_effect_on&quot;:&quot;none&quot;}\" data-widget_type=\"heading.default\">\n\t\t\t\t<div class=\"elementor-widget-container\">\n\t\t\t<h3 class=\"elementor-heading-title elementor-size-default\">Bizimle \u0130leti\u015fime Ge\u00e7in, G\u00fcvende Kal\u0131n.<\/h3>\t\t<\/div>\n\t\t\t\t<\/div>\n\t\t\t\t<div class=\"elementor-element elementor-element-6f779e6 elementor-widget elementor-widget-elementskit-button\" data-id=\"6f779e6\" data-element_type=\"widget\" data-settings=\"{&quot;ekit_we_effect_on&quot;:&quot;none&quot;}\" data-widget_type=\"elementskit-button.default\">\n\t\t\t\t<div class=\"elementor-widget-container\">\n\t\t\t<div class=\"ekit-wid-con\" >\t\t<div class=\"ekit-btn-wraper\">\n\t\t\t\t\t\t\t<a href=\"https:\/\/sgemozelguvenlik.com\/index.php\/iletisim\/\" class=\"elementskit-btn  whitespace--normal\" >\n\t\t\t\t\t\n\t\t\t\t\t\n\t\t\t\t\t\u0130LET\u0130\u015e\u0130M\t\t\t\t<\/a>\n\t\t\t\t\t\t<\/div>\n        <\/div>\t\t<\/div>\n\t\t\t\t<\/div>\n\t\t\t\t\t<\/div>\n\t\t<\/div>\n\t\t\t\t\t\t\t<\/div>\n\t\t<\/section>\n\t\t\t\t\t\t\t<\/div>\n\t\t","protected":false},"excerpt":{"rendered":"<p>SGEM \u00d6ZEL G\u00dcVENL\u0130K \u201cRiskleri \u00d6ng\u00f6r\u00fcn, G\u00fcvenli\u011fi Maksimuma Ta\u015f\u0131y\u0131n\u201d H\u0130ZMETLER\u0130M\u0130Z AVM G\u00fcvenlik \u00c7\u00f6z\u00fcmleri Al\u0131\u015fveri\u015f merkezleri; y\u00fcksek ziyaret\u00e7i trafi\u011fi, \u00e7ok say\u0131da ma\u011faza, geni\u015f kapal\u0131 alanlar ve otopark b\u00f6l\u00fcmleriyle kapsaml\u0131 g\u00fcvenlik planlamas\u0131 gerektiren yap\u0131lard\u0131r. Bankac\u0131l\u0131k ve Finans G\u00fcvenlik \u00c7\u00f6z\u00fcmleri ankalar, finans kurulu\u015flar\u0131, \u00f6deme merkezleri ve para transfer noktalar\u0131; y\u00fcksek g\u00fcvenlik riski ta\u015f\u0131yan ve profesyonel koruma gerektiren kurumlard\u0131r. Site [&hellip;]<\/p>\n","protected":false},"author":1,"featured_media":0,"parent":0,"menu_order":0,"comment_status":"closed","ping_status":"closed","template":"elementor_header_footer","meta":{"footnotes":""},"class_list":["post-15","page","type-page","status-publish","hentry"],"_links":{"self":[{"href":"https:\/\/sgemozelguvenlik.com\/index.php\/wp-json\/wp\/v2\/pages\/15","targetHints":{"allow":["GET"]}}],"collection":[{"href":"https:\/\/sgemozelguvenlik.com\/index.php\/wp-json\/wp\/v2\/pages"}],"about":[{"href":"https:\/\/sgemozelguvenlik.com\/index.php\/wp-json\/wp\/v2\/types\/page"}],"author":[{"embeddable":true,"href":"https:\/\/sgemozelguvenlik.com\/index.php\/wp-json\/wp\/v2\/users\/1"}],"replies":[{"embeddable":true,"href":"https:\/\/sgemozelguvenlik.com\/index.php\/wp-json\/wp\/v2\/comments?post=15"}],"version-history":[{"count":73,"href":"https:\/\/sgemozelguvenlik.com\/index.php\/wp-json\/wp\/v2\/pages\/15\/revisions"}],"predecessor-version":[{"id":1233,"href":"https:\/\/sgemozelguvenlik.com\/index.php\/wp-json\/wp\/v2\/pages\/15\/revisions\/1233"}],"wp:attachment":[{"href":"https:\/\/sgemozelguvenlik.com\/index.php\/wp-json\/wp\/v2\/media?parent=15"}],"curies":[{"name":"wp","href":"https:\/\/api.w.org\/{rel}","templated":true}]}}